{"id":60,"date":"2007-10-24T19:17:20","date_gmt":"2007-10-24T18:17:20","guid":{"rendered":"http:\/\/codeti.it\/blog\/?page_id=60"},"modified":"2024-07-14T22:18:03","modified_gmt":"2024-07-14T21:18:03","slug":"chi-siamo","status":"publish","type":"page","link":"https:\/\/codeti.it\/blog\/chi-siamo\/","title":{"rendered":"Chi Siamo"},"content":{"rendered":"\n<p class=\"has-drop-cap has-normal-font-size\">La Co.De.Ti nasce in occasione del Carnevale, ed esattamente il 18 febbraio 2007, inizialmente si chiamava Co.De.T ma il 20 febbraio \u00e8 subito diventata Co.De.Ti (c\u2019era un errore di forma: se si prendono due iniziali per le prime due parole, si devono prendere due iniziali anche per l\u2019ultima parola). La Co.De.Ti (Compagnia Della Tisana) \u00e8 stata ispirata da una battuta di P., che parlando di films ci ha definiti come la &#8220;Compagnia Della Tisana&#8221;. Qusto perch\u00e8 quasi tutte le nostre serate si concludevano seduti sul divano con in mano una tazza di Tisana calda, ce n\u2019era per tutti i gusti ma ad aver avuto maggior successo \u00e8 stata quella &#8220;FRAGOLA&amp;CILIEGIA&#8221;, invece ad aver lasciato il segno \u00e8 stata quella di Sr allo Zenzero, nel senso che Sv ha avuto la brillante idea di far gocciolare la bustina sulla maglia di P., e, appunto, ha lasciato il segno: la macchia non \u00e8 pi\u00f9 andata via!Poca TV e tanta musica, colonne sonore, Queen e canzoni latine, queste le preferenze musicali del gruppo.Una compagnia un po\u2019 particolare la nostra, lo spettacolo siamo noi e la nostra specialit\u00e0 \u00e8 improvvisare:<\/p>\n\n\n\n<ol class=\"wp-block-list\">\n<li> autoinviti a casa di Sm che non ha mai niente da offrire ai suoi ospiti, inattesi si, ma pur sempre ospiti\u2026;  <\/li>\n\n\n\n<li> telefonate a Sr fino alle 2.00 di notte che chiss\u00e0 perch\u00e9 ci manda sempre a &#8230;&#8230;.\u2026;  <\/li>\n\n\n\n<li><span style=\"font-family: trebuchet ms,geneva;\"><span style=\"font-family: 'Trebuchet MS';\">sequestro di oggetti vari tra cui mitici sono stati:<\/span><\/span> la Carta d\u2019identit\u00e0 di Sv, fatta ricomparire in pizzeria, con tanto di Carabinieri fantasma e la sciarpa di Ll che ancora dobbiamo restituire (pensavamo ad una lettera di riscatto in cui chiediamo in cambio qualche Kg di ciliegie) \u2026;<\/li>\n\n\n\n<li> lotte libere sul pavimento\/parquet, dove finisce sempre Ll che funge spesso da aspirapolvere\u2026;  <\/li>\n\n\n\n<li> lotte con i cuscini che ogni tanto si rompono o feriscono qualcuno;  <\/li>\n\n\n\n<li> partite a carte e a scacchi che non hanno che un solo vincitore\u2026;  <\/li>\n\n\n\n<li> scommesse quasi sempre vinte da P\u2026;  <\/li>\n\n\n\n<li> viaggi scontanti, inventati ed improvvisati\u2026;  <\/li>\n\n\n\n<li> partite a calcetto a casa dei genitori di Sr (in realt\u00e0 siamo andati solo una volta)  <\/li>\n\n\n\n<li> passeggiate, spesso in montagna\u2026.  <\/li>\n<\/ol>\n\n\n\n<p><span style=\"font-family: trebuchet ms,geneva;\"><span style=\"font-family: 'Trebuchet MS';\">Avr\u00f2 dimenticato sicuramente molte cose ma la lista \u00e8 gi\u00e0 abbastanza lunga cos\u00ec!<\/span><span style=\"font-family: 'Trebuchet MS';\">Tutto condito da una dose pi\u00f9 che sufficiente di fantasia che \u00e8 sempre stata la nostra colonna sonora\u2026 ci ha accompagnato in ogni momento della nostra avventura e spero ci accompagner\u00e0 ancora, un po\u2019 di sana follia, poi, rendeva, sempre, ogni cosa pi\u00f9 eccitante\u2026 <\/span><\/span><span style=\"font-family: 'Trebuchet MS';\"><span style=\"font-family: trebuchet ms,geneva;\">&#8230;dopotutto&#8230;<\/span> <\/span><\/p>\n\n\n\n<p><span style=\"font-family: 'Trebuchet MS';\">\u201c<em><strong><span style=\"font-family: 'Trebuchet MS';\">e\u2019 facile vivere in modo scontato\u2026 \u00e8 dando spazio all\u2019imprevedibile che la vita diventa piacevole<\/span><\/strong><\/em>\u201d.<span class=\"MsoFootnoteReference\"><span style=\"font-family: 'Trebuchet MS';\">[1]<\/span><\/span><\/span><\/p>\n\n\n\n<p>In questa nostra presentazione, ogni immagine rappresenta una caratteristica di noi&#8230; non riuscivo ad individuare un ordine pi\u00f9 giusto di un altro e allora ho optato per quello alfabetico&#8230; cos\u00ec Paolo \u00e8 capitato in mezzo&#8230; come al solito&#8230; !!! \ud83d\ude09<\/p>\n\n\n\n<p><span style=\"font-family: times new roman,times; font-size: small;\"><strong>Gigliola (Lola &#8211; Ll)<\/strong><\/span><\/p>\n\n\n\n<figure class=\"wp-block-image aligncenter size-full\"><a href=\"https:\/\/codeti.it\/blog\/wp-content\/upload\/2024\/07\/cartoni06.gif\"><img loading=\"lazy\" decoding=\"async\" width=\"295\" height=\"178\" src=\"https:\/\/codeti.it\/blog\/wp-content\/upload\/2024\/07\/cartoni06.gif\" alt=\"\" class=\"wp-image-8571\"\/><\/a><\/figure>\n\n\n\n<p class=\"has-text-align-center\"><span style=\"font-family: times new roman,times; font-size: small;\"><\/span><\/p>\n\n\n\n<p><span style=\"font-family: times new roman,times; font-size: small;\"><span style=\"font-size: 12pt; font-family: 'Times New Roman';\">Capelli neri con riflessi rossi, modi gentili (non con tutti), la sua particolarit\u00e0 \u00e8 quella di non reggere il ritmo del gruppo (cos\u00ec dice lei\u2026 noi pensiamo altro!), le piace la nostra compagnia ma ogni tanto scompare\u2026 chiss\u00e0? Per\u00f2 quando \u00e8 presente non passa inosservata, o meglio, si sente!! \ud83d\ude09 Nell\u2019ultimo periodo \u00e8 diventata l\u2019oggetto prediletto dei nostri scherzi\u2026 forse perch\u00e9 ha una serie di cose da farsi perdonare. Il nostro obiettivo \u00e8 di farci ospitare a casa sua per un pranzo o una cena. Spesso \u00e8 presa in giro per la frazione dove abita che in realt\u00e0 non ha niente di diverso dalle altre ma farla arrabbiare \u00e8 molto divertente\u2026 sempre alla guida della sua fedelissima C3, evita di usarla quando piove, c&#8217;\u00e8 nebbia (anche con una visibilit\u00e0 di 10 Km) o vento, se c&#8217;\u00e8 freddo o troppo sole, se c&#8217;\u00e8 traffico, rischio di non trovare parcheggio ecc&#8230; ma le vogliamo bene cos\u00ec! \ud83d\ude09 <\/span><\/span><\/p>\n\n\n\n<p><span style=\"font-family: times new roman,times; font-size: small;\"><strong>Giuliana (Giuly &#8211; Gl)<\/strong><\/span><\/p>\n\n\n\n<figure class=\"wp-block-image aligncenter size-full\"><a href=\"https:\/\/codeti.it\/blog\/wp-content\/upload\/2024\/07\/cartoni03.gif\"><img loading=\"lazy\" decoding=\"async\" width=\"225\" height=\"406\" src=\"https:\/\/codeti.it\/blog\/wp-content\/upload\/2024\/07\/cartoni03.gif\" alt=\"\" class=\"wp-image-8573\"\/><\/a><\/figure>\n\n\n\n<p class=\"has-text-align-center\">bla bla bla<span style=\"font-family: times new roman,times; font-size: small;\"><\/span><\/p>\n\n\n\n<p><span style=\"font-family: times new roman,times; font-size: small;\"><strong>Paolo (XXX &#8211; P.)<\/strong><\/span><\/p>\n\n\n\n<figure class=\"wp-block-image aligncenter size-full is-resized\"><a href=\"https:\/\/codeti.it\/blog\/wp-content\/upload\/2024\/07\/cartoni01.gif\"><img loading=\"lazy\" decoding=\"async\" width=\"110\" height=\"130\" src=\"https:\/\/codeti.it\/blog\/wp-content\/upload\/2024\/07\/cartoni01.gif\" alt=\"\" class=\"wp-image-8574\" style=\"width:176px;height:auto\"\/><\/a><\/figure>\n\n\n\n<p class=\"has-text-align-center\"><span style=\"font-family: times new roman,times; font-size: small;\"><\/span><\/p>\n\n\n\n<p><span style=\"font-family: times new roman,times; font-size: small;\"><span style=\"font-size: 12pt; font-family: 'Times New Roman';\">Unico uomo del gruppo, da lui \u00e8 partita l&#8217;idea della &#8220;Compagnia della Tisana&#8221;, \u00e8 anche il creatore del blog, si distingue per le infinite risorse, per il notevole \u201cspirito di sacrificio\u201d nell&#8217;assaggio di dolci e pietanze varie, e per la sua \u201cguida tranquilla\u201d\u2026 pensate che per la sicurezza sua e altrui controlla spesso il funzionamento dell\u2019ABS (ma non spieghiamo come!). Abilissimo giocatore di scacchi, portato per molti sports, soprannominato &#8220;Gazzella&#8221; quando andiamo in montagna, ma anche &#8220;Macaco&#8221; e &#8220;Maialeone&#8221;. Ha un ottimo feeling con lo spazzolino, durante l&#8217;utilizzo del quale riesce a fare qualsiasi cosa: leggere, scrivere, lavorare al computer e a volte, anche dormire! \ud83d\ude09 <\/span><\/span><\/p>\n\n\n\n<p><span style=\"font-family: times new roman,times; font-size: small;\"><strong>Sara ( &#8211; Sr)<\/strong><\/span><\/p>\n\n\n\n<figure class=\"wp-block-image aligncenter size-full\"><a href=\"https:\/\/codeti.it\/blog\/wp-content\/upload\/2024\/07\/cartoni07.gif\"><img loading=\"lazy\" decoding=\"async\" width=\"311\" height=\"375\" src=\"https:\/\/codeti.it\/blog\/wp-content\/upload\/2024\/07\/cartoni07.gif\" alt=\"\" class=\"wp-image-8575\"\/><\/a><\/figure>\n\n\n\n<p class=\"has-text-align-center\"><span style=\"font-family: times new roman,times; font-size: small;\"><\/span><\/p>\n\n\n\n<p><span style=\"font-family: times new roman,times; font-size: small;\"><span style=\"font-size: 12pt; font-family: 'Times New Roman';\">Capelli corti, famosa per le sue minigonne ma soprattutto per le sue cadute (almeno una al giorno!). Tipo sportivo, ama le passeggiate in montagna ed adora il suo fedelissimo cane Max. <\/span><span style=\"font-size: 12pt; font-family: 'Times New Roman';\">Per questo, uno dei sui compiti \u00e8 quello di organizzare le escursioni in alta quota!<\/span><span style=\"font-size: 12pt; font-family: 'Times New Roman';\"> Sempre presente, una persona su cui contare \u00e8 specializzata nella preparazione di dolci buonissimi! Ha una passione per il bagno\u2026 ovunque vada deve andare a vedere come sono le toilettes\u2026 passione, curiosit\u00e0 o vera necessit\u00e0? Ce lo stiamo ancora chiedendo. <\/span><\/span><\/p>\n\n\n\n<p><span style=\"font-family: times new roman,times; font-size: small;\"><strong>Silvia ( &#8211; Sv)<\/strong><\/span><\/p>\n\n\n\n<figure class=\"wp-block-image aligncenter size-full is-resized\"><a href=\"https:\/\/codeti.it\/blog\/wp-content\/upload\/2024\/07\/cartoni08.gif\"><img loading=\"lazy\" decoding=\"async\" width=\"119\" height=\"180\" src=\"https:\/\/codeti.it\/blog\/wp-content\/upload\/2024\/07\/cartoni08.gif\" alt=\"\" class=\"wp-image-8576\" style=\"width:237px;height:auto\"\/><\/a><\/figure>\n\n\n\n<p class=\"has-text-align-center\"><span style=\"font-family: times new roman,times; font-size: small;\"><\/span><\/p>\n\n\n\n<p><span style=\"font-family: times new roman,times; font-size: small;\"><span style=\"font-size: 12pt; font-family: 'Times New Roman';\">Alta, riccia e bionda, \u00e8 entrata nel gruppo grazie a Paolo ed alle passeggiate in montagna. Lavora come farmacista ed \u00e8 in cerca di definitiva sistemazione\u2026 la sua caratteristica \u00e8 che per non fare l\u2019offesa dice sempre: \u201ctutto scivola sul piano inclinato della mia indifferenza\u2026\u201d \u00e8 quella che vediamo meno perch\u00e9 la pi\u00f9 distante ma quando pu\u00f2 ci raggiunge sempre volentieri.<\/span><\/span><\/p>\n\n\n\n<p><span class=\"MsoFootnoteReference\"><span style=\"font-size: 9pt; font-family: 'Trebuchet MS';\">[1]<\/span><\/span><span style=\"font-size: 10pt; font-family: 'Trebuchet MS';\"> Il libro ritrovato, <em><span style=\"font-family: 'Trebuchet MS';\">Richard Bach,<\/span><\/em> RIZZOLI<\/span><\/p>\n\n\n\n<hr class=\"wp-block-separator has-css-opacity\"\/>\n\n\n\n<p><a title=\"_ftn1\" name=\"_ftn1\"><\/a><\/p>\n","protected":false},"excerpt":{"rendered":"<p>La Co.De.Ti nasce in occasione del Carnevale, ed esattamente il 18 febbraio 2007, inizialmente si chiamava Co.De.T ma il 20 [&hellip;]<\/p>\n","protected":false},"author":15,"featured_media":0,"parent":0,"menu_order":0,"comment_status":"open","ping_status":"closed","template":"","meta":{"_uag_custom_page_level_css":"","site-sidebar-layout":"default","site-content-layout":"","ast-site-content-layout":"default","site-content-style":"default","site-sidebar-style":"default","ast-global-header-display":"","ast-banner-title-visibility":"","ast-main-header-display":"","ast-hfb-above-header-display":"","ast-hfb-below-header-display":"","ast-hfb-mobile-header-display":"","site-post-title":"","ast-breadcrumbs-content":"","ast-featured-img":"","footer-sml-layout":"","theme-transparent-header-meta":"","adv-header-id-meta":"","stick-header-meta":"","header-above-stick-meta":"","header-main-stick-meta":"","header-below-stick-meta":"","astra-migrate-meta-layouts":"set","ast-page-background-enabled":"default","ast-page-background-meta":{"desktop":{"background-color":"var(--ast-global-color-4)","background-image":"","background-repeat":"repeat","background-position":"center center","background-size":"auto","background-attachment":"scroll","background-type":"","background-media":"","overlay-type":"","overlay-color":"","overlay-opacity":"","overlay-gradient":""},"tablet":{"background-color":"","background-image":"","background-repeat":"repeat","background-position":"center center","background-size":"auto","background-attachment":"scroll","background-type":"","background-media":"","overlay-type":"","overlay-color":"","overlay-opacity":"","overlay-gradient":""},"mobile":{"background-color":"","background-image":"","background-repeat":"repeat","background-position":"center center","background-size":"auto","background-attachment":"scroll","background-type":"","background-media":"","overlay-type":"","overlay-color":"","overlay-opacity":"","overlay-gradient":""}},"ast-content-background-meta":{"desktop":{"background-color":"var(--ast-global-color-5)","background-image":"","background-repeat":"repeat","background-position":"center center","background-size":"auto","background-attachment":"scroll","background-type":"","background-media":"","overlay-type":"","overlay-color":"","overlay-opacity":"","overlay-gradient":""},"tablet":{"background-color":"var(--ast-global-color-5)","background-image":"","background-repeat":"repeat","background-position":"center center","background-size":"auto","background-attachment":"scroll","background-type":"","background-media":"","overlay-type":"","overlay-color":"","overlay-opacity":"","overlay-gradient":""},"mobile":{"background-color":"var(--ast-global-color-5)","background-image":"","background-repeat":"repeat","background-position":"center center","background-size":"auto","background-attachment":"scroll","background-type":"","background-media":"","overlay-type":"","overlay-color":"","overlay-opacity":"","overlay-gradient":""}},"footnotes":""},"class_list":["post-60","page","type-page","status-publish","hentry"],"uagb_featured_image_src":{"full":false,"thumbnail":false,"medium":false,"medium_large":false,"large":false,"1536x1536":false,"2048x2048":false},"uagb_author_info":{"display_name":"Co.De.Ti","author_link":"https:\/\/codeti.it\/blog\/author\/giuly\/"},"uagb_comment_info":6,"uagb_excerpt":"La Co.De.Ti nasce in occasione del Carnevale, ed esattamente il 18 febbraio 2007, inizialmente si chiamava Co.De.T ma il 20 [&hellip;]","_links":{"self":[{"href":"https:\/\/codeti.it\/blog\/wp-json\/wp\/v2\/pages\/60","targetHints":{"allow":["GET"]}}],"collection":[{"href":"https:\/\/codeti.it\/blog\/wp-json\/wp\/v2\/pages"}],"about":[{"href":"https:\/\/codeti.it\/blog\/wp-json\/wp\/v2\/types\/page"}],"author":[{"embeddable":true,"href":"https:\/\/codeti.it\/blog\/wp-json\/wp\/v2\/users\/15"}],"replies":[{"embeddable":true,"href":"https:\/\/codeti.it\/blog\/wp-json\/wp\/v2\/comments?post=60"}],"version-history":[{"count":0,"href":"https:\/\/codeti.it\/blog\/wp-json\/wp\/v2\/pages\/60\/revisions"}],"wp:attachment":[{"href":"https:\/\/codeti.it\/blog\/wp-json\/wp\/v2\/media?parent=60"}],"curies":[{"name":"wp","href":"https:\/\/api.w.org\/{rel}","templated":true}]}}